{"id":473,"date":"2020-11-12T12:47:37","date_gmt":"2020-11-12T11:47:37","guid":{"rendered":"http:\/\/www.hotelaragosta.net\/?page_id=473"},"modified":"2025-11-19T11:56:22","modified_gmt":"2025-11-19T10:56:22","slug":"servizi","status":"publish","type":"page","link":"https:\/\/www.hotelaragosta.net\/fr\/servizi\/","title":{"rendered":"Services"},"content":{"rendered":"<section class=\"container-fluid js--lazy-load wao-blocks-gallery-slider-flickity gallery-flickity-67080\" >\n    <article class=\"row\">\n        <div class=\"col-sm-12 p-0 position-relative\">\n            <section class=\"container-fluid js--lazy-load\">\n                <article class=\"row\">\n                    <div class=\"col-sm-12 p-0 position-relative\">\n                        <div class=\"js--flickity l--vh-75-md\" data-cellalign=\"left\" data-bglazyload=\"1\" data-freescroll=\"true\" data-wraparound=\"true\" data-autoplay=\"2000\" data-pauseautoplayonhover =\"true\" data-prevnextbuttons=\"false\" data-contain=\"true\" data-pagedots=\"false\" data-draggable=\"true\" data-groupcells=\"110%\" data-fade=\"false\">\n                                                            <div>\n                                    <div style=\"background: url('http:\/\/www.hotelaragosta.net\/wp-content\/uploads\/2020\/11\/top-servizi.jpg') center center \/ cover no-repeat rgb(250, 250, 250); display: block; width: 100vw;\" class=\"l--vh-75-md\"><\/div>\n                                <\/div>\n                            \n                        <\/div>\n                        <div class=\"position-absolute l--top l--bottom mx-auto l--align-middle-vertical\">\n                            <div class=\"text-over-slider h1 text-quaternary text-center animated zoomIn\" data-anim=\"zoomIn\" data-cof=\"true\" data-cof-rule=\"font-size, 2rem, 2.5rem, 2.5rem, 3rem, 3rem\">\n                                                            <\/div>\n                                                            <div class=\"\" style=\"background: rgba(0,0,0,0.1)\" data-cof=\"true\" data-cof-rule=\"font-size, 2rem, 2.5rem, 2.5rem, 3rem, 3rem\">\n                                                                                                                    <img decoding=\"async\" src=\"http:\/\/www.hotelaragosta.net\/wp-content\/uploads\/2021\/01\/ico-logo-trasparent.png \" class=\"position-absolute l--bottom l--right mr-5 d-none d-md-inline\">\n                                                                    <\/div>\n                                                    <\/div>\n                    <\/div>\n                <\/article>\n            <\/section>\n        <\/div>\n    <\/article>\n<\/section>\n\n<section class=\"wao-blocks-container container mb-2\"\n\t\t>\n    \n<div class=\"wao-blocks-row row mw-row\" >\n    \n\n<div class=\"col-12 col-md-12 p-4\"\n     \n\t \n\t>\n        \n<div class=\"py-2 text-left\">\n\n\n<div class=\"breadcrumb-block text-left ml-0\"\n    >\n    <div class=\"text-secondary\">\n        <a href=\"https:\/\/www.hotelaragosta.net\/fr\" rel=\"nofollow\" title=\"Accueil\">Accueil &gt;<\/a>\n        Services    <\/div>\n<\/div>\n\n<\/div>\n\n\n<h2 class=\"wp-block-heading text-secondary\">Votre confort nous tient \u00e0 c\u0153ur<\/h2>\n\n\n\n<h1 class=\"wp-block-heading text-primary\">Services h\u00f4teliers<\/h1>\n\n    <\/div>\n<\/div>\n\n<div class=\"wao-blocks-row row mw-row\" >\n    \n\n<div class=\"col-12 col-md-6 p-4\"\n     \n\t \n\t>\n        \n\n<ul class=\"wp-block-list\">\n<li>Place de parking priv\u00e9e et cl\u00f4tur\u00e9e (sous r\u00e9serve de disponibilit\u00e9)<\/li>\n\n\n\n<li>Convention avec les principaux parcs de la Riviera<\/li>\n\n\n\n<li>Des plages partenaires, \u00e9galement respectueuses des animaux<\/li>\n\n\n\n<li>Salle de restaurant avec vue sur la mer<\/li>\n\n\n\n<li>Fibre Wifi dans toute la structure<\/li>\n\n\n\n<li>Piscine ensoleill\u00e9e<\/li>\n\n\n\n<li>Les animaux sont les bienvenus<\/li>\n<\/ul>\n\n    <\/div>\n\n\n<div class=\"col-12 col-md-6 p-4\"\n     \n\t \n\t>\n        \n\n<div class=\"js--flickity mx-auto wao-blocks-servizi-slider-flickity arrow-bottom servizi-flickity-55254\" data-cellalign=\"right\" data-bglazyload=\"1\" data-freescroll=\"false\" data-wraparound=\"true\" data-autoplay=\"2000\" data-pauseautoplayonhover =\"true\" data-prevnextbuttons=\"true\" data-contain=\"true\" data-pagedots=\"false\" data-draggable=\"true\" data-initialindex=\"1\"    data-cof=\"true\" data-cof-rule=\"max-width, 400px, 400px, 400px, 400px, 400px|margin-left, 0!important, 0!important, 0!important, 0!important, 0!important\"     >\n        <div class=\"col-12 col-sm-12 col-md-12 p-0\">\n                    <div\n                style='background: url(http:\/\/www.hotelaragosta.net\/wp-content\/uploads\/2020\/11\/internet-1024x771.jpg); background-size: cover;  height: 400px;background-position: 50% 50%;'>\n            <\/div>\n            <\/div>\n        <div class=\"col-12 col-sm-12 col-md-12 p-0\">\n                    <div\n                style='background: url(http:\/\/www.hotelaragosta.net\/wp-content\/uploads\/2020\/11\/veliero-1024x807.jpg); background-size: cover;  height: 400px;background-position: 50% 50%;'>\n            <\/div>\n            <\/div>\n        <div class=\"col-12 col-sm-12 col-md-12 p-0\">\n                    <div\n                style='background: url(http:\/\/www.hotelaragosta.net\/wp-content\/uploads\/2023\/08\/hotel-aragosta-2023-01.jpg); background-size: cover;  height: 400px;background-position: 50% 50%;'>\n            <\/div>\n            <\/div>\n        <div class=\"col-12 col-sm-12 col-md-12 p-0\">\n                    <div\n                style='background: url(http:\/\/www.hotelaragosta.net\/wp-content\/uploads\/2023\/08\/hotel-aragosta-2023-02.jpg); background-size: cover;  height: 400px;background-position: 50% 50%;'>\n            <\/div>\n            <\/div>\n        <div class=\"col-12 col-sm-12 col-md-12 p-0\">\n                    <div\n                style='background: url(http:\/\/www.hotelaragosta.net\/wp-content\/uploads\/2023\/08\/hotel-aragosta-2023-03.jpg); background-size: cover;  height: 400px;background-position: 50% 50%;'>\n            <\/div>\n            <\/div>\n    <\/div> \n    <\/div>\n<\/div>\n<\/section>\n\n<section class=\"wao-blocks-container container-fluid mb-3\"\n\t\t>\n    \n<div class=\"wao-blocks-row row g--bkg-light-01\" >\n    \n\n<div class=\"col-12 col-md-12 col-lg-4 col-xl-5 order-xl-1 order-2 p-0\"\n     \n\t \n\t>\n        \n\n<div class=\"js--flickity mx-auto wao-blocks-servizi-slider-flickity arrow-bottom-big servizi-flickity-44267\" data-cellalign=\"right\" data-bglazyload=\"1\" data-freescroll=\"false\" data-wraparound=\"true\" data-autoplay=\"2000\" data-pauseautoplayonhover =\"true\" data-prevnextbuttons=\"true\" data-contain=\"true\" data-pagedots=\"false\" data-draggable=\"true\" data-initialindex=\"1\"    data-cof=\"true\" data-cof-rule=\"min-height, 300px, 300px, 300px, 100%, 100%|margin-left, 0!important, 0!important, 0!important, 0!important, 0!important\"     >\n        <div class=\"col-12 col-sm-12 col-md-12 p-0\">\n                    <div\n                style='background: url(http:\/\/www.hotelaragosta.net\/wp-content\/uploads\/2020\/11\/parcheggio-grande.jpg); background-size: cover;  height: 480px;background-position: 50% 50%;'>\n            <\/div>\n            <\/div>\n        <div class=\"col-12 col-sm-12 col-md-12 p-0\">\n                    <div\n                style='background: url(http:\/\/www.hotelaragosta.net\/wp-content\/uploads\/2023\/08\/parcheggio-2023-01.jpg); background-size: cover;  height: 480px;background-position: 50% 50%;'>\n            <\/div>\n            <\/div>\n    <\/div> \n    <\/div>\n\n\n<div class=\"col-12 col-md-12 col-lg-6 col-xl-5 box-shadow-light g--bkg-light-04 order-xl-2 order-1\"\n     \n\t \n\tdata-cof=\"true\"\n    data-cof-rule=\"padding, 2rem, 2.2rem, 2.2rem, 2rem, 3rem\" >\n        \n\n<h4 class=\"wp-block-heading h2\">Circuler librement sans probl\u00e8me<\/h4>\n\n\n\n<h3 class=\"wp-block-heading h1\">Parking priv\u00e9<\/h3>\n\n\n\n<p class=\"pt-4\">Si vous voyagez en voiture, l'h\u00f4tel Aragosta de Rimini vous accueillera avec la plus grande courtoisie et gentillesse. <strong>un parking priv\u00e9 et cl\u00f4tur\u00e9<\/strong>disponible sous r\u00e9serve de disponibilit\u00e9. Le parking est disponible moyennant un petit suppl\u00e9ment et est r\u00e9serv\u00e9 exclusivement \u00e0 nos clients.<\/p>\n\n\n\n<p>Laissez le stress \u00e0 la maison et commencez \u00e0 profiter de vos vacances au bord de la mer \u00e0 Rimini en toute libert\u00e9.<\/p>\n\n    <\/div>\n\n\n<div class=\"col-12 col-lg-2 col-xl-2 d-none d-lg-block order-3\"\n     \n\t \n\t>\n        \n    <figure\n        class=\"wao-blocks-immagine-bkg js--hideme\"\n        style=\"background: url('http:\/\/www.hotelaragosta.net\/wp-content\/uploads\/2020\/11\/ico-logo-aragosta.png') center center \/ cover no-repeat; min-height: 160px;\"\n        data-anim=\"fadeInUpBig\" data-cof=\"true\" data-cof-rule=\"min-width, 0, 0, 0, 250px, 250px|margin-bottom, 0,0,0,0,0|margin-left, 0,0,0,-14px, -14px\" >\n            <\/figure>\n\n    <\/div>\n<\/div>\n<\/section>\n\n<section class=\"wao-blocks-container container-fluid mb-5 my-3\"\n\t\t>\n    \n<div class=\"wao-blocks-row row mw-row sf-logo\" >\n    \n\n<div class=\"col-12 col-md-6 col-lg-4 col-xl-4 d-flex justify-content-lg-end order-lg-1 order-2 js--hideme\"\n    data-anim=\"fadeInLeft\"\n     \n\t \n\t>\n        \n\n<figure class=\"wp-block-image size-medium is-resized\"><img decoding=\"async\" width=\"435\" height=\"600\" src=\"http:\/\/www.hotelaragosta.net\/wp-content\/uploads\/2020\/11\/cani-ammessi-435x600.jpg\" alt=\"\" class=\"wp-image-498\" style=\"width:386px;height:532px\" srcset=\"https:\/\/www.hotelaragosta.net\/wp-content\/uploads\/2020\/11\/cani-ammessi-435x600.jpg 435w, https:\/\/www.hotelaragosta.net\/wp-content\/uploads\/2020\/11\/cani-ammessi-743x1024.jpg 743w, https:\/\/www.hotelaragosta.net\/wp-content\/uploads\/2020\/11\/cani-ammessi-768x1058.jpg 768w, https:\/\/www.hotelaragosta.net\/wp-content\/uploads\/2020\/11\/cani-ammessi.jpg 1100w\" sizes=\"(max-width: 435px) 100vw, 435px\" \/><\/figure>\n\n    <\/div>\n\n\n<div class=\"col-12 col-md-6 col-lg-4 col-xl-4 p-4 order-lg-2 order-1\"\n     \n\t \n\t>\n        \n\n<h4 class=\"wp-block-heading h2\">Bienvenue aux amis \u00e0 quatre pattes<\/h4>\n\n\n\n<h3 class=\"wp-block-heading h1\">Nous aimons accueillir tout le monde<\/h3>\n\n\n\n<p class=\"pt-4\">Ne laissez pas votre compagnon \u00e0 quatre pattes \u00e0 la maison, \u00e0 l'h\u00f4tel Aragosta nous donnons le <strong>Bienvenue \u00e0 tous les chiens de petite et moyenne taille.<\/strong><\/p>\n\n\n\n<p>Nous les accueillons sur la plage, dans votre chambre et dans tous les espaces communs de notre h\u00f4tel pour que vous puissiez passer ensemble des vacances passionnantes. N'oubliez pas d'apporter avec vous <strong>le carnet de vaccination<\/strong> mis \u00e0 jour !<\/p>\n\n\n\n<p class=\"pb-4\">Nous vous demandons seulement d'avoir la courtoisie de vous s\u00e9parer de votre chiot pendant les repas : malheureusement <strong>vous ne pouvez pas l'emmener dans la salle \u00e0 manger.&nbsp;<\/strong><\/p>\n\n\n    <figure\n        class=\"wao-blocks-immagine-bkg img-fluid d-none d-lg-block\"\n        style=\"background: url('http:\/\/www.hotelaragosta.net\/wp-content\/uploads\/2020\/11\/cani-spiaggia-600x445.jpg') center center \/ cover no-repeat;\"\n        data-cof=\"true\" data-cof-rule=\"min-height, 300px, 300px, 350px, 350px, 350px\" >\n            <\/figure>\n\n    <\/div>\n\n\n<div class=\"col-12 col-lg-4 col-xl-4 d-flex align-items-center justify-content-center p-4 order-3\"\n     \n\t \n\t>\n        \n\n<p class=\"text-secondary h4 font-weight-light\">Si les animaux pouvaient parler, le chien serait grossier et sans g\u00eane ; le chat, en revanche, aurait le rare don de ne pas dire un mot.<br><strong>(Mark Twain)<\/strong><\/p>\n\n    <\/div>\n<\/div>\n\n\n<p><\/p>\n\n<\/section>\n\n<section class=\"wao-blocks-container container-fluid mb-2\"\n\t\t>\n    \n<div class=\"wao-blocks-row row\" >\n    \n\n<div class=\"col-12 col-lg-6 p-0\"\n     \n\t \n\t>\n        \n\n<div class=\"p-4 mx-auto g--bkg-light-01\">\n\n\n\n<h4 class=\"has-text-align-center h2 wp-block-heading\">Recevez des offres, des nouvelles et plus encore... et une recette savoureuse d\u00e8s maintenant.<\/h4>\n\n\n\n<h3 class=\"has-text-align-center h1 wp-block-heading\">Abonnez-vous \u00e0 la newsletter et <br>Mettez la Romagne \u00e0 table !<\/h3>\n\n\n<script src=\"https:\/\/www.google.com\/recaptcha\/enterprise.js?render=6LdKs-6Lc3xMIcAAAAAO2K3CkgGUYb6BcsBOk289jP7NUP\"><\/script>\n<div class=\"l--box-newsletter wao-blocks-nav-tab d-block mx-auto mw-box-newsletter\" >\n    <form class=\"custom\" name=\"iscrizione_newsletter\" id=\"iscrizione_newsletter\" method=\"post\" autocomplete=\"OFF\" action=\"\">\n        <fieldset>\n            <div class=\"form-group column\">\n                                <div class=\"col-12 col-lg-12 mx-auto\">\n                    <input type=\"text\" class=\"form-control my-2\" id=\"news_nome\" name=\"nome\" placeholder=\"Nom\">\n                <\/div>\n                <div class=\"col-12 col-lg-12 mx-auto\">\n                    <input type=\"text\" class=\"form-control my-2\" id=\"news_email\" name=\"email\" value=\"\" placeholder=\"Courrier \u00e9lectronique\">\n                <\/div>\n                <div id=\"newsletter\" class=\"col-12 col-lg-12 mx-auto\">\n<input value=\"on\" type=\"checkbox\" name=\"news_privacy\" id=\"news_privacy\">\n<label for=\"news_privacy\">*\n    <small>\n        <a href=\"javascript:void(0)\" title=\"vie priv\u00e9e\"\n            class=\"privacy link-privacy-policy\" style=\"cursor: pointer;\">\n            J'accepte le respect de la vie priv\u00e9e\n        <\/a>\n    <\/small>\n<\/label>\n<\/div>                <div class=\"col-12 col-lg-12 mx-auto\">\n                    <button class=\"btn btn-primary btn-block rounded-0 text-uppercase\"type=\"submit\" id=\"iscrizioneNewsletter\">\n                        S'inscrire\n                    <\/button>\n                    <input name=\"dominio\" type=\"hidden\" value=\"https:\/\/www.hotelaragosta.net\/fr\/\">\n                    <input name=\"idHotel\" type=\"hidden\" value=\"612\">\n                    <input name=\"lingua\" type=\"hidden\" value=\"it\">\n                <\/div>\n            <\/div>\n        <\/fieldset>\n    <input type=\"hidden\" name=\"trp-form-language\" value=\"fr\"\/><\/form>\n<\/div>\n<div id=\"divAlert\" class=\"h-50 w-50 m-auto alert-info d-none\" style=\"position: fixed; top: 10px; left: 10px; right: 10px; bottom: 10px; z-index: 2000; overflow: auto\">\n\t<div class=\"text-right\">\n\t\t<a class=\"btn btn-primary btn_chiudi\" href=\"javascript:void(0)\" onclick=\"location.reload(true);\" title=\"Fermer\"><i class=\"fa fa-times\" aria-hidden=\"true\"><\/i><\/a>\n\t<\/div>\n\t<div class=\"text-center alert-info l--align-middle-vertical\" style=\"height: calc(100% - 50px);\">\n\t\t<div class=\"logo\"><\/div>\n\t\t<div class=\"text-center h-50 w-50\">\n\t\t\t<span class=\"display-3\"><i class=\"fa fa-paper-plane\" aria-hidden=\"true\"><\/i><\/span>\n\t\t\t<h4>L'abonnement \u00e0 la newsletter a \u00e9t\u00e9 effectu\u00e9 avec succ\u00e8s<\/h4>\n\t\t<\/div>\n\t<\/div>\n<\/div>\n\n\n\n<\/div>\n\n    <\/div>\n\n\n<div class=\"col-12 col-lg-6 p-0\"\n     \n\t \n\t>\n        \n\n<h4 class=\"has-text-align-center h2 px-4 pt-4 wp-block-heading\">Vue sur la mer<\/h4>\n\n\n\n<h3 class=\"has-text-align-center h1 px-4 pb-4 wp-block-heading\">Regardez o\u00f9 nous sommes<\/h3>\n\n\n\n<iframe class=\"js--lazy-load h-box-mappa\" title=\"carte google H\u00f4tel Aragosta Rimini\" data-src=\"https:\/\/www.google.com\/maps\/embed?pb=!1m14!1m8!1m3!1d183498.49639794324!2d12.459409442579712!3d44.0593219!3m2!1i1024!2i768!4f13.1!3m3!1m2!1s0x0%3A0xe191377184eeae00!2sHotel%20Aragosta!5e0!3m2!1sit!2sit!4v1604917027910!5m2!1sit!2sit\" width=\"100%\" frameborder=\"0\" style=\"border:0;\" allowfullscreen=\"\" aria-hidden=\"false\" tabindex=\"0\"><\/iframe>\n\n    <\/div>\n<\/div>\n<\/section>\n\n<section class=\"wao-blocks-container container-fluid mb-2\"\n\t\t>\n    \n<div class=\"wao-blocks-row row\" >\n    \n\n<div class=\"col-12 col-md-12 col-lg-4 g--bkg-dark-01 d-none d-md-block p-box-puntiforza\"\n     \n\t \n\t>\n        \n<div class=\"d-flex align-items-center justify-content-center\">\n    <div class=\"w-100\">\n        <div class=\"p-3\">\n            <h1 class=\"text-white\">Demander un devis<br>GRATUIT<\/h1>\n            <hr class=\"wp-block-separator has-text-color has-background has-white-background-color has-white-color\">\n        <\/div>\n        <div class=\"d-flex align-items-center justify-content-start font-weight-light border-bottom g--b-c-light\">\n            <div class=\"p-4 display-2 text-white\" style=\"line-height:1.1;\">1)<\/div>\n            <div>\n                <div class=\"text-white h3 font-weight-light\">Plage comprise<\/div>\n                <div class=\"text-quaternary\">Dans le traitement All Inclusive<\/div>\n            <\/div>\n        <\/div>\n        <div class=\"d-flex align-items-center justify-content-start font-weight-light border-bottom g--b-c-light\">\n            <div class=\"p-4 display-2 text-white\" style=\"line-height:1.1;\">2)<\/div>\n            <div>\n                <div class=\"text-white h3 font-weight-light\">Espace de stationnement cl\u00f4tur\u00e9<\/div>\n                <div class=\"text-quaternary\">Sous r\u00e9serve de disponibilit\u00e9<\/div>\n            <\/div>\n        <\/div>\n        <div class=\"d-flex align-items-center justify-content-start font-weight-light border-bottom g--b-c-light\">\n            <div class=\"p-4 display-2 text-white\" style=\"line-height:1.1;\">3)<\/div>\n            <div>\n                <div class=\"text-white h3 font-weight-light\">Piscine gratuite<\/div>\n                <div class=\"text-quaternary\">La piscine de notre h\u00f4tel<\/div>\n        <\/div>\n        <\/div>\n        <div class=\"d-flex align-items-center justify-content-start font-weight-light border-bottom g--b-c-light\">\n            <div class=\"p-4 display-2 text-white\" style=\"line-height:1.1;\">4)<\/div>\n            <div>\n                <div class=\"text-white h3 font-weight-light\">A la table 3 menus<\/div>\n                <div class=\"text-quaternary\">Toujours choisir le meilleur<\/div>\n            <\/div>\n        <\/div>\n    <\/div>\n<\/div>\n    <\/div>\n\n\n<div class=\"col-12 col-md-12 col-lg-8 g--bkg-light-02 d-flex align-items-center p-box-merida\"\n     \n\t \n\t>\n        \n<div class=\"w-100\">\n\n\n<div class=\"merida_root p-4 mx-auto g--bkg-light-04\" id=\"merida_block\"><\/div>\n\n<script>\nvar merida_config_merida_block = {\n    customerId: 612 ,\n    showSuccessModal : true,\n    rootEl: \"merida_block\",\n    childrenAgeMax: 16,\n    childrenAgeMin: 0,\n    layout: \"compact\",\n    language: \"fr\",\n                theme : {\n        colors: {\n            primary: '#f49550',\n            primaryTextAlt: '#ffffff',\n            secondary: '#71778b',\n            secondaryTextAlt: '#ffffff',\n            text: '#3e464c',\n            error: '#cc0033',\n            formBackground: '#ffffff',\n            label: '#4d4d4d',\n            labelInput: '#71778b',\n            labelInputActive: '#7ebd6d',\n            inputBackground: '#eeeeee',\n            inputBorder: '#eeeeee',\n            checkboxBorder: '#eeeeee',\n        }\n    },\n    onSuccess : function(res) {\n        \n                        if (typeof(ga) !== 'undefined') {\n                   ga('send', 'event', 'Email', 'Invio', 'Form');\n                }\n                    }\n};\n\n(function(url, cb) {\n    var s = document.createElement(\"script\");\n    s.type = \"text\/javascript\";\n\n    if (s.readyState) { \/\/IE\n        s.onreadystatechange = function() {\n            if (s.readyState == \"loaded\" || s.readyState == \"complete\") {\n                s.onreadystatechange = null;\n                cb();\n            }\n        };\n    } else { \/\/Others\n        s.onload = function() {\n            cb();\n        };\n    }\n\n    s.src = url;\n    document.getElementsByTagName(\"head\")[0].appendChild(s);\n})(\"https:\/\/static.adriasonline.it\/merida\/latest\/merida.js\", function() {\n    window.aoForm = merida(merida_config_merida_block);\n});\n<\/script>\n\n<\/div>\n    <\/div>\n<\/div>\n<\/section>\n\n\n<p><\/p>","protected":false},"excerpt":{"rendered":"","protected":false},"author":1,"featured_media":0,"parent":0,"menu_order":0,"comment_status":"closed","ping_status":"closed","template":"","meta":{"footnotes":""},"class_list":["post-473","page","type-page","status-publish","hentry"],"_links":{"self":[{"href":"https:\/\/www.hotelaragosta.net\/fr\/wp-json\/wp\/v2\/pages\/473","targetHints":{"allow":["GET"]}}],"collection":[{"href":"https:\/\/www.hotelaragosta.net\/fr\/wp-json\/wp\/v2\/pages"}],"about":[{"href":"https:\/\/www.hotelaragosta.net\/fr\/wp-json\/wp\/v2\/types\/page"}],"author":[{"embeddable":true,"href":"https:\/\/www.hotelaragosta.net\/fr\/wp-json\/wp\/v2\/users\/1"}],"replies":[{"embeddable":true,"href":"https:\/\/www.hotelaragosta.net\/fr\/wp-json\/wp\/v2\/comments?post=473"}],"version-history":[{"count":93,"href":"https:\/\/www.hotelaragosta.net\/fr\/wp-json\/wp\/v2\/pages\/473\/revisions"}],"predecessor-version":[{"id":2131,"href":"https:\/\/www.hotelaragosta.net\/fr\/wp-json\/wp\/v2\/pages\/473\/revisions\/2131"}],"wp:attachment":[{"href":"https:\/\/www.hotelaragosta.net\/fr\/wp-json\/wp\/v2\/media?parent=473"}],"curies":[{"name":"wp","href":"https:\/\/api.w.org\/{rel}","templated":true}]}}