{"id":554,"date":"2020-11-12T16:23:16","date_gmt":"2020-11-12T15:23:16","guid":{"rendered":"http:\/\/www.hotelaragosta.net\/?page_id=554"},"modified":"2026-04-09T16:49:08","modified_gmt":"2026-04-09T14:49:08","slug":"camere","status":"publish","type":"page","link":"https:\/\/www.hotelaragosta.net\/fr\/camere\/","title":{"rendered":"Chambres"},"content":{"rendered":"\n<section class=\"container-fluid js--lazy-load wao-blocks-gallery-slider-flickity gallery-flickity-61569\" >\n    <article class=\"row\">\n        <div class=\"col-sm-12 p-0 position-relative\">\n            <section class=\"container-fluid js--lazy-load\">\n                <article class=\"row\">\n                    <div class=\"col-sm-12 p-0 position-relative\">\n                        <div class=\"js--flickity l--vh-75-md\" data-cellAlign=\"left\" data-bgLazyLoad=\"1\" data-freeScroll=\"true\" data-wrapAround=\"true\" data-autoPlay=\"2000\" data-pauseAutoPlayOnHover =\"true\" data-prevNextButtons=\"false\" data-contain=\"true\" data-pageDots=\"false\" data-draggable=\"true\" data-groupCells=\"110%\" data-fade=\"false\">\n                                                            <div>\n                                    <div style=\"background: url('http:\/\/www.hotelaragosta.net\/wp-content\/uploads\/2020\/11\/top-camere.jpg') center center \/ cover no-repeat rgb(250, 250, 250); display: block; width: 100vw;\" class=\"l--vh-75-md \"><\/div>\n                                <\/div>\n                            \n                        <\/div>\n                        <div class=\"position-absolute l--top l--bottom mx-auto l--align-middle-vertical\">\n                            <div class=\"text-over-slider h1 text-quaternary text-center animated zoomIn\" data-anim=\"zoomIn\" data-cof=\"true\" data-cof-rule=\"font-size, 2rem, 2.5rem, 2.5rem, 3rem, 3rem\">\n                                                            <\/div>\n                                                            <div class=\"\" style=\"background: rgba(0,0,0,0.1)\" data-cof=\"true\" data-cof-rule=\"font-size, 2rem, 2.5rem, 2.5rem, 3rem, 3rem\">\n                                                                                                                    <img decoding=\"async\" src=\"http:\/\/www.hotelaragosta.net\/wp-content\/uploads\/2021\/01\/ico-logo-trasparent.png \" class=\"position-absolute l--bottom l--right mr-5 d-none d-md-inline\">\n                                                                    <\/div>\n                                                    <\/div>\n                    <\/div>\n                <\/article>\n            <\/section>\n        <\/div>\n    <\/article>\n<\/section>\n\n<section class=\"wao-blocks-container container mb-5\"\n\t\t>\n    \n<div class=\"wao-blocks-row row mw-row\" >\n    \n\n<div class=\"col-12 col-md-12 p-4\"\n     \n\t \n\t>\n        \n<div class=\"py-2 text-left\">\n\n\n<div class=\"breadcrumb-block text-left ml-0\"\n    >\n    <div class=\"text-secondary \">\n        <a href=\"https:\/\/www.hotelaragosta.net\/fr\" rel=\"nofollow\" title=\"Home\">Home &gt;<\/a>\n        Camere    <\/div>\n<\/div>\n\n<\/div>\n\n\n<p class=\"h2\">La semplicit\u00e0 di uno spazio perfetto<\/p>\n\n\n\n<h1 class=\"wp-block-heading\">Servizi in camera<\/h1>\n\n    <\/div>\n<\/div>\n\n<div class=\"wao-blocks-row row mw-row\" >\n    \n\n<div class=\"col-12 col-md-6 col-lg-6 p-4\"\n     \n\t \n\t>\n        \n\n<ul class=\"wp-block-list\">\n<li>Servizi privati&nbsp;<\/li>\n\n\n\n<li>Box doccia e asciugacapelli<\/li>\n\n\n\n<li>Aria condizionata autoregolabile<\/li>\n\n\n\n<li>Cassaforte, telefono e televisore<\/li>\n\n\n\n<li>Internet Wifi Fibra<\/li>\n\n\n\n<li>Su richiesta, letti con spondine e culle<\/li>\n<\/ul>\n\n\n\n<div style=\"height:20px\" aria-hidden=\"true\" class=\"wp-block-spacer py-1\"><\/div>\n\n    <\/div>\n\n\n<div class=\"col-12 col-md-6 col-lg-6 d-none d-md-flex align-items-center \"\n     \n\t \n\t>\n        \n\n<figure class=\"wp-block-image size-full img-fluid\"><img decoding=\"async\" width=\"400\" height=\"267\" src=\"http:\/\/www.hotelaragosta.net\/wp-content\/uploads\/2023\/08\/camere-2023-02_pic.jpg\" alt=\"\" class=\"wp-image-1937\" srcset=\"https:\/\/www.hotelaragosta.net\/wp-content\/uploads\/2023\/08\/camere-2023-02_pic.jpg 400w, https:\/\/www.hotelaragosta.net\/wp-content\/uploads\/2023\/08\/camere-2023-02_pic-18x12.jpg 18w\" sizes=\"(max-width: 400px) 100vw, 400px\" \/><\/figure>\n\n    <\/div>\n<\/div>\n<\/section>\n\n<section class=\"wao-blocks-container container-fluid mb-5\"\n\t\t>\n    \n<div class=\"wao-blocks-row row mw-row\" >\n    \n\n<div class=\"col-12 col-md-12 col-lg-6 p-0 \"\n     \n\t \n\t>\n        \n\n<div class=\"js--flickity mx-auto wao-blocks-servizi-slider-flickity arrow-bottom-big servizi-flickity-50768\" data-cellAlign=\"right\" data-bgLazyLoad=\"1\" data-freeScroll=\"false\" data-wrapAround=\"true\" data-autoPlay=\"2000\" data-pauseAutoPlayOnHover =\"true\" data-prevNextButtons=\"true\" data-contain=\"true\" data-pageDots=\"false\" data-draggable=\"true\" data-initialIndex=\"1\"    data-cof=\"true\" data-cof-rule=\"min-height, 300px, 300px, 300px, 100%, 100%|margin-left, 0!important, 0!important, 0!important, 0!important, 0!important\"     >\n        <div class=\"col-12 col-sm-12 col-md-12 p-0\">\n                    <div\n                style='background: url(http:\/\/www.hotelaragosta.net\/wp-content\/uploads\/2023\/08\/camere-2023-03.jpg); background-size: cover;  height: 600px;background-position: 50% 50%;'>\n            <\/div>\n            <\/div>\n        <div class=\"col-12 col-sm-12 col-md-12 p-0\">\n                    <div\n                style='background: url(http:\/\/www.hotelaragosta.net\/wp-content\/uploads\/2023\/08\/camere-2023-04.jpg); background-size: cover;  height: 600px;background-position: 50% 50%;'>\n            <\/div>\n            <\/div>\n        <div class=\"col-12 col-sm-12 col-md-12 p-0\">\n                    <div\n                style='background: url(http:\/\/www.hotelaragosta.net\/wp-content\/uploads\/2023\/08\/camere-2023-05.jpg); background-size: cover;  height: 600px;background-position: 50% 50%;'>\n            <\/div>\n            <\/div>\n        <div class=\"col-12 col-sm-12 col-md-12 p-0\">\n                    <div\n                style='background: url(http:\/\/www.hotelaragosta.net\/wp-content\/uploads\/2023\/08\/camere-2023-06.jpg); background-size: cover;  height: 600px;background-position: 50% 50%;'>\n            <\/div>\n            <\/div>\n        <div class=\"col-12 col-sm-12 col-md-12 p-0\">\n                    <div\n                style='background: url(http:\/\/www.hotelaragosta.net\/wp-content\/uploads\/2023\/08\/camere-2023-07.jpg); background-size: cover;  height: 600px;background-position: 50% 50%;'>\n            <\/div>\n            <\/div>\n    <\/div> \n    <\/div>\n\n\n<div class=\"col-12 col-md-12 col-lg-6 g--bkg-light-01\"\n     \n\t \n\tdata-cof=\"true\"\n    data-cof-rule=\"padding, 2rem, 2.2rem, 2.2rem, 2rem, 3rem\" >\n        \n\n<h2 class=\"wp-block-heading pt-4\">Scegli la tipologia che fa per te<\/h2>\n\n\n\n<p class=\"h1\">Comfort e eleganza<\/p>\n\n\n\n<p class=\"pt-4\">Soggiornando all\u2019Hotel Aragosta potrai creare una vacanza fatta su misura, ecco perch\u00e9 tra le 54 camere che ti mettiamo a disposizione potrai scegliere tra <strong>singole, matrimoniali, triple, quadruple o con cinque letti.&nbsp;<\/strong><\/p>\n\n\n\n<p class=\"pb-4\">Tutte le nostre camere sono <strong>luminose<\/strong> e<strong> ben arieggiate<\/strong>: ti sveglierai ogni mattina con la gioia e la spensieratezza che solo l\u2019estate sa regalare.&nbsp; Fanne il pieno come antidoto contro il grigiore invernale!<\/p>\n\n    <\/div>\n<\/div>\n<\/section>\n\n<section class=\"wao-blocks-container container-fluid mb-5 g--bkg-light-01\"\n\t\t>\n    \n<div class=\"wao-blocks-row row\" >\n    \n\n<div class=\"col-12 col-md-12 col-lg-6 col-xl-5 text-right p-0 \"\n     \n\t \n\t>\n        \n    <figure\n        class=\"wao-blocks-immagine-bkg\"\n        style=\"background: url('http:\/\/www.hotelaragosta.net\/wp-content\/uploads\/2023\/08\/camere-2023-01.jpg') center center \/ cover no-repeat;\"\n        data-cof=\"true\" data-cof-rule=\"min-height, 300px, 300px,400px, 400px, 100%\" >\n            <\/figure>\n\n    <\/div>\n\n\n<div class=\"col-12 col-md-12 col-lg-8 col-xl-5 box-shadow-light g--bkg-light-04\"\n     \n\t \n\tdata-cof=\"true\"\n    data-cof-rule=\"padding, 2rem, 2.2rem, 2.2rem, 2rem, 3rem\" >\n        \n\n<h2 class=\"wp-block-heading\">Regalati un\u2019esperienza unica<\/h2>\n\n\n\n<p class=\"h1\">Camere vista mare\u00a0<\/p>\n\n\n\n<p class=\"pt-4\">Le vacanze non sono tutte uguali. Alcune sono pi\u00f9 speciali di altre, grazie a piccoli comfort in grado di donare grandi emozioni.<\/p>\n\n\n\n<p class=\"pb-4\">Prendi per esempio le nostre <strong>camere con vista mare laterale.<\/strong> La mattina la risacca del mare ti dar\u00e0 il buongiorno, il sole splendente e gi\u00e0 caldo ti dar\u00e0 il pieno di vitamine D, mentre la brezza leggera che soffia dal mare ti regaler\u00e0 carezze frizzantine sulla pelle...per una sensazione di <strong>benessere a 360 gradi.<\/strong><\/p>\n\n    <\/div>\n\n\n<div class=\"col-12 col-lg-2 col-xl-2 d-none d-lg-flex align-items-end\"\n     \n\t \n\t>\n        \n    <figure\n        class=\"wao-blocks-immagine-bkg js--hideme \"\n        style=\"background: url('http:\/\/www.hotelaragosta.net\/wp-content\/uploads\/2020\/11\/ico-logo-aragosta.png') center center \/ cover no-repeat; min-height: 160px;\"\n        data-anim=\"fadeInRight\" data-cof=\"true\" data-cof-rule=\"min-width, 0, 0, 0, 250px, 250px|margin-bottom, 0,0,0,0,0|margin-left, 0,0,0,-14px, -14px\" >\n            <\/figure>\n\n    <\/div>\n<\/div>\n\n\n<p><\/p>\n\n<\/section>\n\n<section class=\"wao-blocks-container container-fluid mb-2\"\n\t\t>\n    \n<div class=\"wao-blocks-row row\" >\n    \n\n<div class=\"col-12 col-lg-6 p-0\"\n     \n\t \n\t>\n        \n\n<div class=\"p-4 mx-auto g--bkg-light-01\">\n\n\n\n<h2 class=\"wp-block-heading has-text-align-center\">Ricevi offerte, novit\u00e0 e tanto altro... e subito una golosa ricetta.<\/h2>\n\n\n\n<p class=\"has-text-align-center h1\">Iscriviti alla newsletter e <br>porta in tavola la Romagna!<\/p>\n\n\n<script src=\"https:\/\/www.google.com\/recaptcha\/enterprise.js?render=6LdKs-6Lc3xMIcAAAAAO2K3CkgGUYb6BcsBOk289jP7NUP\"><\/script>\n<div class=\"l--box-newsletter wao-blocks-nav-tab d-block mx-auto mw-box-newsletter\" >\n    <form class=\"custom\" name=\"iscrizione_newsletter\" id=\"iscrizione_newsletter\" method=\"post\" autocomplete=\"OFF\">\n        <fieldset>\n            <div class=\"form-group column\">\n                                <div class=\"col-12 col-lg-12 mx-auto\">\n                    <input type=\"text\" class=\"form-control my-2 \" id=\"news_nome\" name=\"nome\" placeholder=\"Nome*\">\n                <\/div>\n                <div class=\"col-12 col-lg-12 mx-auto\">\n                    <input type=\"text\" class=\"form-control my-2 \" id=\"news_email\" name=\"email\" value=\"\" placeholder=\"Email*\">\n                <\/div>\n                <div id=\"newsletter\" class=\"col-12 col-lg-12 mx-auto\">\n<input value=\"on\" type=\"checkbox\" name=\"news_privacy\" id=\"news_privacy\">\n<label for=\"news_privacy\">*\n    <small>\n        <a href=\"javascript:void(0)\" title=\"privacy\"\n            class=\"privacy link-privacy-policy \" style=\"cursor: pointer;\">\n            Accetto privacy\n        <\/a>\n    <\/small>\n<\/label>\n<\/div>                <div class=\"col-12 col-lg-12 mx-auto\">\n                    <button class=\"btn btn-primary btn-block rounded-0 text-uppercase\"type=\"submit\" id=\"iscrizioneNewsletter\">\n                        Iscriviti\n                    <\/button>\n                    <input name=\"dominio\" type=\"hidden\" value=\"https:\/\/www.hotelaragosta.net\/fr\/\">\n                    <input name=\"idHotel\" type=\"hidden\" value=\"612\">\n                    <input name=\"lingua\" type=\"hidden\" value=\"it\">\n                <\/div>\n            <\/div>\n        <\/fieldset>\n    <\/form>\n<\/div>\n<div id=\"divAlert\" class=\"h-50 w-50 m-auto alert-info d-none\" style=\"position: fixed; top: 10px; left: 10px; right: 10px; bottom: 10px; z-index: 2000; overflow: auto\">\n\t<div class=\"text-right\">\n\t\t<a class=\"btn btn-primary btn_chiudi \" href=\"javascript:void(0)\" onclick=\"location.reload(true);\" title=\"Chiudi\"><i class=\"fa fa-times\" aria-hidden=\"true\"><\/i><\/a>\n\t<\/div>\n\t<div class=\"text-center alert-info l--align-middle-vertical\" style=\"height: calc(100% - 50px);\">\n\t\t<div class=\"logo\"><\/div>\n\t\t<div class=\"text-center h-50 w-50\">\n\t\t\t<span class=\"display-3\"><i class=\"fa fa-paper-plane\" aria-hidden=\"true\"><\/i><\/span>\n\t\t\t<h4>iscrizione alla newsletter completata con successo<\/h4>\n\t\t<\/div>\n\t<\/div>\n<\/div>\n\n\n\n<\/div>\n\n    <\/div>\n\n\n<div class=\"col-12 col-lg-6 p-0\"\n     \n\t \n\t>\n        \n\n<h2 class=\"wp-block-heading has-text-align-center px-4 pt-4\">Vista sul mare<\/h2>\n\n\n\n<p class=\"has-text-align-center h1 px-4 pb-4\">Guarda dove siamo<\/p>\n\n\n\n<iframe class=\"js--lazy-load h-box-mappa\" title=\"google map Hotel Aragosta Rimini\" data-src=\"https:\/\/www.google.com\/maps\/embed?pb=!1m14!1m8!1m3!1d183498.49639794324!2d12.459409442579712!3d44.0593219!3m2!1i1024!2i768!4f13.1!3m3!1m2!1s0x0%3A0xe191377184eeae00!2sHotel%20Aragosta!5e0!3m2!1sit!2sit!4v1604917027910!5m2!1sit!2sit\" width=\"100%\" frameborder=\"0\" allowfullscreen=\"\" aria-hidden=\"false\" tabindex=\"0\"><\/iframe>\n\n    <\/div>\n<\/div>\n<\/section>\n\n<section class=\"wao-blocks-container container-fluid mb-2\"\n\t\t>\n    \n<div class=\"wao-blocks-row row\" >\n    \n\n<div class=\"col-12 col-md-12 col-lg-4 g--bkg-dark-01 d-none d-md-block p-box-puntiforza\"\n     \n\t \n\t>\n        \n<div class=\"d-flex align-items-center justify-content-center\">\n    <div class=\"w-100\">\n        <div class=\"p-3\">\n            <h1 class=\"text-white\">Richiedi un preventivo<br>GRATUITO<\/h1>\n            <hr class=\"wp-block-separator has-text-color has-background has-white-background-color has-white-color\">\n        <\/div>\n        <div class=\"d-flex align-items-center justify-content-start font-weight-light border-bottom g--b-c-light\">\n            <div class=\"p-4 display-2 text-white\" style=\"line-height:1.1;\">1)<\/div>\n            <div>\n                <div class=\"text-white h3 font-weight-light\">Spiaggia inclusa<\/div>\n                <div class=\"text-quaternary\">Nel trattamento All Inclusive<\/div>\n            <\/div>\n        <\/div>\n        <div class=\"d-flex align-items-center justify-content-start font-weight-light border-bottom g--b-c-light\">\n            <div class=\"p-4 display-2 text-white\" style=\"line-height:1.1;\">2)<\/div>\n            <div>\n                <div class=\"text-white h3 font-weight-light\">Posto auto recintato<\/div>\n                <div class=\"text-quaternary\">Fino esaurimento posti<\/div>\n            <\/div>\n        <\/div>\n        <div class=\"d-flex align-items-center justify-content-start font-weight-light border-bottom g--b-c-light\">\n            <div class=\"p-4 display-2 text-white\" style=\"line-height:1.1;\">3)<\/div>\n            <div>\n                <div class=\"text-white h3 font-weight-light\">Piscina gratuita<\/div>\n                <div class=\"text-quaternary\">La nostra piscina in hotel<\/div>\n        <\/div>\n        <\/div>\n        <div class=\"d-flex align-items-center justify-content-start font-weight-light border-bottom g--b-c-light\">\n            <div class=\"p-4 display-2 text-white\" style=\"line-height:1.1;\">4)<\/div>\n            <div>\n                <div class=\"text-white h3 font-weight-light\">A tavola 3 menu<\/div>\n                <div class=\"text-quaternary\">Scegli sempre il meglio<\/div>\n            <\/div>\n        <\/div>\n    <\/div>\n<\/div>\n    <\/div>\n\n\n<div class=\"col-12 col-md-12 col-lg-8 g--bkg-light-02 d-flex align-items-center p-box-merida\"\n     \n\t \n\t>\n        \n<div class=\"w-100\">\n\n\n<div class=\"merida_root p-4 mx-auto g--bkg-light-04\" id=\"merida_block\"><\/div>\n\n<script>\nvar merida_config_merida_block = {\n    customerId: 612 ,\n    showSuccessModal : true,\n    rootEl: \"merida_block\",\n    childrenAgeMax: 16,\n    childrenAgeMin: 0,\n    layout: \"compact\",\n    language: \"fr\",\n                theme : {\n        colors: {\n            primary: '#f49550',\n            primaryTextAlt: '#ffffff',\n            secondary: '#71778b',\n            secondaryTextAlt: '#ffffff',\n            text: '#3e464c',\n            error: '#cc0033',\n            formBackground: '#ffffff',\n            label: '#4d4d4d',\n            labelInput: '#71778b',\n            labelInputActive: '#7ebd6d',\n            inputBackground: '#eeeeee',\n            inputBorder: '#eeeeee',\n            checkboxBorder: '#eeeeee',\n        }\n    },\n    onSuccess : function(res) {\n        \n                        if (typeof(ga) !== 'undefined') {\n                   ga('send', 'event', 'Email', 'Invio', 'Form');\n                }\n                    }\n};\n\n(function(url, cb) {\n    var s = document.createElement(\"script\");\n    s.type = \"text\/javascript\";\n\n    if (s.readyState) { \/\/IE\n        s.onreadystatechange = function() {\n            if (s.readyState == \"loaded\" || s.readyState == \"complete\") {\n                s.onreadystatechange = null;\n                cb();\n            }\n        };\n    } else { \/\/Others\n        s.onload = function() {\n            cb();\n        };\n    }\n\n    s.src = url;\n    document.getElementsByTagName(\"head\")[0].appendChild(s);\n})(\"https:\/\/static.adriasonline.it\/merida\/latest\/merida.js\", function() {\n    window.aoForm = merida(merida_config_merida_block);\n});\n<\/script>\n\n<\/div>\n    <\/div>\n<\/div>\n<\/section>\n\n\n<p><\/p>\n","protected":false},"excerpt":{"rendered":"","protected":false},"author":1,"featured_media":0,"parent":0,"menu_order":0,"comment_status":"closed","ping_status":"closed","template":"","meta":{"footnotes":""},"class_list":["post-554","page","type-page","status-publish","hentry"],"_links":{"self":[{"href":"https:\/\/www.hotelaragosta.net\/fr\/wp-json\/wp\/v2\/pages\/554","targetHints":{"allow":["GET"]}}],"collection":[{"href":"https:\/\/www.hotelaragosta.net\/fr\/wp-json\/wp\/v2\/pages"}],"about":[{"href":"https:\/\/www.hotelaragosta.net\/fr\/wp-json\/wp\/v2\/types\/page"}],"author":[{"embeddable":true,"href":"https:\/\/www.hotelaragosta.net\/fr\/wp-json\/wp\/v2\/users\/1"}],"replies":[{"embeddable":true,"href":"https:\/\/www.hotelaragosta.net\/fr\/wp-json\/wp\/v2\/comments?post=554"}],"version-history":[{"count":95,"href":"https:\/\/www.hotelaragosta.net\/fr\/wp-json\/wp\/v2\/pages\/554\/revisions"}],"predecessor-version":[{"id":2217,"href":"https:\/\/www.hotelaragosta.net\/fr\/wp-json\/wp\/v2\/pages\/554\/revisions\/2217"}],"wp:attachment":[{"href":"https:\/\/www.hotelaragosta.net\/fr\/wp-json\/wp\/v2\/media?parent=554"}],"curies":[{"name":"wp","href":"https:\/\/api.w.org\/{rel}","templated":true}]}}